{"id":7357,"date":"2022-06-28T16:27:54","date_gmt":"2022-06-28T13:27:54","guid":{"rendered":"https:\/\/www.freyamelamin.com\/blog\/"},"modified":"2022-10-16T16:03:46","modified_gmt":"2022-10-16T13:03:46","slug":"blog","status":"publish","type":"page","link":"https:\/\/www.freyamelamin.com\/tr\/blog\/","title":{"rendered":"Blog"},"content":{"rendered":"\n[et_pb_section fb_built=&#8221;1&#8243; theme_builder_area=&#8221;post_content&#8221; _builder_version=&#8221;4.17.4&#8243; _module_preset=&#8221;default&#8221;][\/et_pb_section]\n","protected":false},"excerpt":{"rendered":"<p>Deneyim ve bilgimizi blo\u011fumuzda payla\u015f\u0131yoruz. \u00dcr\u00fcnlerimiz veya bizim hakk\u0131m\u0131zda geni\u015f bir perspektif edinebilirsiniz. <\/p>\n","protected":false},"author":1,"featured_media":0,"parent":0,"menu_order":4,"comment_status":"closed","ping_status":"closed","template":"","meta":{"_acf_changed":false,"_et_pb_use_builder":"on","_et_pb_old_content":"","_et_gb_content_width":"","footnotes":""},"class_list":["post-7357","page","type-page","status-publish","hentry"],"acf":[],"_links":{"self":[{"href":"https:\/\/www.freyamelamin.com\/tr\/wp-json\/wp\/v2\/pages\/7357","targetHints":{"allow":["GET"]}}],"collection":[{"href":"https:\/\/www.freyamelamin.com\/tr\/wp-json\/wp\/v2\/pages"}],"about":[{"href":"https:\/\/www.freyamelamin.com\/tr\/wp-json\/wp\/v2\/types\/page"}],"author":[{"embeddable":true,"href":"https:\/\/www.freyamelamin.com\/tr\/wp-json\/wp\/v2\/users\/1"}],"replies":[{"embeddable":true,"href":"https:\/\/www.freyamelamin.com\/tr\/wp-json\/wp\/v2\/comments?post=7357"}],"version-history":[{"count":0,"href":"https:\/\/www.freyamelamin.com\/tr\/wp-json\/wp\/v2\/pages\/7357\/revisions"}],"wp:attachment":[{"href":"https:\/\/www.freyamelamin.com\/tr\/wp-json\/wp\/v2\/media?parent=7357"}],"curies":[{"name":"wp","href":"https:\/\/api.w.org\/{rel}","templated":true}]}}