{"id":10548,"date":"2023-11-22T12:48:33","date_gmt":"2023-11-22T09:48:33","guid":{"rendered":"https:\/\/www.freyamelamin.com\/istoc-melamin-horeca\/"},"modified":"2024-07-18T17:18:00","modified_gmt":"2024-07-18T14:18:00","slug":"istoc-melamin-horeca","status":"publish","type":"page","link":"https:\/\/www.freyamelamin.com\/tr\/istoc-melamin-horeca\/","title":{"rendered":"\u0130STO\u00c7, Melamin HORECA Ekipmanlar\u0131"},"content":{"rendered":"<p>[et_pb_section fb_built=&#8221;1&#8243; theme_builder_area=&#8221;post_content&#8221; _builder_version=&#8221;4.23.1&#8243; _module_preset=&#8221;default&#8221;][\/et_pb_section]<\/p>\n","protected":false},"excerpt":{"rendered":"","protected":false},"author":1,"featured_media":0,"parent":0,"menu_order":0,"comment_status":"closed","ping_status":"closed","template":"","meta":{"_acf_changed":false,"_et_pb_use_builder":"on","_et_pb_old_content":"","_et_gb_content_width":"","footnotes":""},"class_list":["post-10548","page","type-page","status-publish","hentry"],"acf":[],"_links":{"self":[{"href":"https:\/\/www.freyamelamin.com\/tr\/wp-json\/wp\/v2\/pages\/10548","targetHints":{"allow":["GET"]}}],"collection":[{"href":"https:\/\/www.freyamelamin.com\/tr\/wp-json\/wp\/v2\/pages"}],"about":[{"href":"https:\/\/www.freyamelamin.com\/tr\/wp-json\/wp\/v2\/types\/page"}],"author":[{"embeddable":true,"href":"https:\/\/www.freyamelamin.com\/tr\/wp-json\/wp\/v2\/users\/1"}],"replies":[{"embeddable":true,"href":"https:\/\/www.freyamelamin.com\/tr\/wp-json\/wp\/v2\/comments?post=10548"}],"version-history":[{"count":0,"href":"https:\/\/www.freyamelamin.com\/tr\/wp-json\/wp\/v2\/pages\/10548\/revisions"}],"wp:attachment":[{"href":"https:\/\/www.freyamelamin.com\/tr\/wp-json\/wp\/v2\/media?parent=10548"}],"curies":[{"name":"wp","href":"https:\/\/api.w.org\/{rel}","templated":true}]}}